{"id":180,"date":"2017-07-27T17:53:51","date_gmt":"2017-07-27T15:53:51","guid":{"rendered":"http:\/\/pimpyourhome.ch\/try\/?page_id=180"},"modified":"2019-02-25T08:38:17","modified_gmt":"2019-02-25T07:38:17","slug":"flur","status":"publish","type":"page","link":"https:\/\/pimpyourhome.ch\/try\/flur\/","title":{"rendered":"Flur"},"content":{"rendered":"<p><section class=\"ffb-id-1dnt733l fg-section fg-text-dark\"><div class=\"fg-container container fg-container-large fg-container-lvl--1 \"><div class=\"fg-row row    \" ><div class=\"ffb-id-1dnt733m fg-col col-xs-12 col-md-12 fg-text-dark\"><img decoding=\"async\" class=\"ffb-id-1dnt76n0 fg-image   fg-text-dark\" src=\"http:\/\/pimpyourhome.ch\/try\/wp-content\/uploads\/2017\/07\/icon-flur.jpg\" alt=\"Icon Flur\"><section class=\"ffb-id-1dnt7r7m section-heading fg-text-dark\"><p class=\"fg-text-dark ffb-paragraph-1\">Flur<\/p><h2 class=\"fg-text-dark ffb-h2-2\">Den Flur wohnlich machen <\/h2><\/section><\/div><\/div><\/div><\/section><style>.ffb-id-1dnt733l{ text-align: center !important;}.ffb-id-1dnt733l ,.ffb-id-1dnt733l:before,.ffb-id-1dnt733l:after,.ffb-id-1dnt733l:hover,.ffb-id-1dnt733l:focus,.ffb-id-1dnt733l *,.ffb-id-1dnt733l *:before,.ffb-id-1dnt733l *:after,.ffb-id-1dnt733l *:hover,.ffb-id-1dnt733l *:focus{ text-align: center !important;}.ffb-id-1dnt7r7m .ffb-paragraph-1{ font-family: 'Great Vibes', Arial, sans-serif !important;}.ffb-id-1dnt7r7m .ffb-paragraph-1:before,.ffb-id-1dnt7r7m .ffb-paragraph-1:after,.ffb-id-1dnt7r7m .ffb-paragraph-1:hover,.ffb-id-1dnt7r7m .ffb-paragraph-1:focus,.ffb-id-1dnt7r7m .ffb-paragraph-1 *,.ffb-id-1dnt7r7m .ffb-paragraph-1 *:before,.ffb-id-1dnt7r7m .ffb-paragraph-1 *:after,.ffb-id-1dnt7r7m .ffb-paragraph-1 *:hover,.ffb-id-1dnt7r7m .ffb-paragraph-1 *:focus{ font-family: 'Great Vibes', Arial, sans-serif !important;}.ffb-id-1dnt7r7m .ffb-paragraph-1{ font-size: 48px !important;}.ffb-id-1dnt7r7m .ffb-paragraph-1 ,.ffb-id-1dnt7r7m .ffb-paragraph-1:before,.ffb-id-1dnt7r7m .ffb-paragraph-1:after,.ffb-id-1dnt7r7m .ffb-paragraph-1:hover,.ffb-id-1dnt7r7m .ffb-paragraph-1:focus,.ffb-id-1dnt7r7m .ffb-paragraph-1 *,.ffb-id-1dnt7r7m .ffb-paragraph-1 *:before,.ffb-id-1dnt7r7m .ffb-paragraph-1 *:after,.ffb-id-1dnt7r7m .ffb-paragraph-1 *:hover,.ffb-id-1dnt7r7m .ffb-paragraph-1 *:focus{ font-size: 48px !important;}.ffb-id-1dnt7r7m .ffb-h2-2 ,.ffb-id-1dnt7r7m .ffb-h2-2:before,.ffb-id-1dnt7r7m .ffb-h2-2:after,.ffb-id-1dnt7r7m .ffb-h2-2 *,.ffb-id-1dnt7r7m .ffb-h2-2 *:before,.ffb-id-1dnt7r7m .ffb-h2-2 *:after{ color: #a31b7f !important;}.ffb-id-1dnt7r7m .ffb-h2-2{ font-family: custom-font-family-1, Arial, sans-serif !important;text-transform: uppercase !important;}.ffb-id-1dnt7r7m .ffb-h2-2:before,.ffb-id-1dnt7r7m .ffb-h2-2:after,.ffb-id-1dnt7r7m .ffb-h2-2:hover,.ffb-id-1dnt7r7m .ffb-h2-2:focus,.ffb-id-1dnt7r7m .ffb-h2-2 *,.ffb-id-1dnt7r7m .ffb-h2-2 *:before,.ffb-id-1dnt7r7m .ffb-h2-2 *:after,.ffb-id-1dnt7r7m .ffb-h2-2 *:hover,.ffb-id-1dnt7r7m .ffb-h2-2 *:focus{ font-family: custom-font-family-1, Arial, sans-serif !important;text-transform: uppercase !important;}.ffb-id-1dnt7r7m .ffb-h2-2{ font-size: 24px !important;font-weight: 600 !important;}.ffb-id-1dnt7r7m .ffb-h2-2 ,.ffb-id-1dnt7r7m .ffb-h2-2:before,.ffb-id-1dnt7r7m .ffb-h2-2:after,.ffb-id-1dnt7r7m .ffb-h2-2:hover,.ffb-id-1dnt7r7m .ffb-h2-2:focus,.ffb-id-1dnt7r7m .ffb-h2-2 *,.ffb-id-1dnt7r7m .ffb-h2-2 *:before,.ffb-id-1dnt7r7m .ffb-h2-2 *:after,.ffb-id-1dnt7r7m .ffb-h2-2 *:hover,.ffb-id-1dnt7r7m .ffb-h2-2 *:focus{ font-size: 24px !important;font-weight: 600 !important;}<\/style><script type=\"text\/javascript\"><\/script><section class=\"ffb-id-1dnt9hc5 fg-section fg-text-dark\"><div class=\"fg-container container fg-container-large fg-container-lvl--1 \"><div class=\"fg-row row    \" ><div class=\"ffb-id-1dntclrk fg-col col-xs-12 col-md-6 fg-text-dark\"><h3 class=\"ffb-id-1dntcph0 fg-heading text-center    fg-text-dark\">Flur gestalten<\/h3><img decoding=\"async\" class=\"ffb-id-1dntctb9 fg-image  img-responsive full-width fg-text-dark\" src=\"http:\/\/pimpyourhome.ch\/try\/wp-content\/uploads\/2017\/07\/den-fluhr-wohnlich-machen.jpg\" alt=\"Flur gestalten\"><div class=\"ffb-id-1dntd3k0 fg-paragraph ff-richtext text-right    fg-text-dark\"><\/p>\n<p style=\"text-align: right\">&copy; sveta \/ Fotalia<\/p>\n<p><\/div><p class=\"ffb-id-2rcb1n3q fg-paragraph text-left    fg-text-dark\">Bei der Einrichtung des Flurs sind eine durchdachte Beleuchtung und flexible M\u00f6bel erforderlich. Gezielt gesetzte Akzente, zum Beispiel farbige Wandtattoos oder punktuelle Spot-Beleuchtung, machen den Flur optisch attraktiv. Achten Sie darauf, den Flur nicht zu \u00fcberladen. Mit Jacken, Schuhen und Taschen f\u00fcllt sich der Flurbereich meist von ganz allein.<\/p><\/div><div class=\"ffb-id-1dntef1s fg-col col-xs-12 col-md-6 fg-text-dark\"><h3 class=\"ffb-id-1dntef1t fg-heading text-center    fg-text-dark\">Garderobe im Flur<\/h3><img decoding=\"async\" class=\"ffb-id-1dntef1u fg-image  img-responsive full-width fg-text-dark\" src=\"https:\/\/pimpyourhome.ch\/try\/wp-content\/uploads\/2017\/07\/garderobe-im-flur_2.jpg\" alt=\"Garderobe im Flur\"><div class=\"ffb-id-1dntef1v fg-paragraph ff-richtext text-right    fg-text-dark\"><\/p>\n<p style=\"text-align: right\">&copy; Africa Studio \/ Fotalia<\/p>\n<p><\/div><p class=\"ffb-id-1dntef20 fg-paragraph text-left    fg-text-dark\">W\u00e4hrend ein billiges 08\/15-Modell \u201cvon der Stange\u201d vielleicht ein unsch\u00f6ner Hingucker ist, kann ein ungew\u00f6hnliches Designerst\u00fcck zus\u00e4tzlich individuelle Akzente setzen. Bei der Wahl der Garderobe sollte man also nicht zur Durchschnittsware greifen, denn gerade sie bestimmt nicht unwesentlich die (wohnliche!) Atmosph\u00e4re im Flur.<\/p><\/div><\/div><\/div><\/section><style>.ffb-id-1dnt733l{ \ntext-align: center !important;\n}\n.ffb-id-1dnt733l ,\n.ffb-id-1dnt733l:before,\n.ffb-id-1dnt733l:after,\n.ffb-id-1dnt733l:hover,\n.ffb-id-1dnt733l:focus,\n.ffb-id-1dnt733l *,\n.ffb-id-1dnt733l *:before,\n.ffb-id-1dnt733l *:after,\n.ffb-id-1dnt733l *:hover,\n.ffb-id-1dnt733l *:focus{ \ntext-align: center !important;\n}\n.ffb-id-1dnt7r7m .ffb-paragraph-1{ \nfont-family: 'Great Vibes', Arial, sans-serif !important;\n}\n.ffb-id-1dnt7r7m .ffb-paragraph-1:before,\n.ffb-id-1dnt7r7m .ffb-paragraph-1:after,\n.ffb-id-1dnt7r7m .ffb-paragraph-1:hover,\n.ffb-id-1dnt7r7m .ffb-paragraph-1:focus,\n.ffb-id-1dnt7r7m .ffb-paragraph-1 *,\n.ffb-id-1dnt7r7m .ffb-paragraph-1 *:before,\n.ffb-id-1dnt7r7m .ffb-paragraph-1 *:after,\n.ffb-id-1dnt7r7m .ffb-paragraph-1 *:hover,\n.ffb-id-1dnt7r7m .ffb-paragraph-1 *:focus{ \nfont-family: 'Great Vibes', Arial, sans-serif !important;\n}\n.ffb-id-1dnt7r7m .ffb-paragraph-1{ \nfont-size: 48px !important;\n}\n.ffb-id-1dnt7r7m .ffb-paragraph-1 ,\n.ffb-id-1dnt7r7m .ffb-paragraph-1:before,\n.ffb-id-1dnt7r7m .ffb-paragraph-1:after,\n.ffb-id-1dnt7r7m .ffb-paragraph-1:hover,\n.ffb-id-1dnt7r7m .ffb-paragraph-1:focus,\n.ffb-id-1dnt7r7m .ffb-paragraph-1 *,\n.ffb-id-1dnt7r7m .ffb-paragraph-1 *:before,\n.ffb-id-1dnt7r7m .ffb-paragraph-1 *:after,\n.ffb-id-1dnt7r7m .ffb-paragraph-1 *:hover,\n.ffb-id-1dnt7r7m .ffb-paragraph-1 *:focus{ \nfont-size: 48px !important;\n}\n.ffb-id-1dnt7r7m .ffb-h2-2 ,\n.ffb-id-1dnt7r7m .ffb-h2-2:before,\n.ffb-id-1dnt7r7m .ffb-h2-2:after,\n.ffb-id-1dnt7r7m .ffb-h2-2 *,\n.ffb-id-1dnt7r7m .ffb-h2-2 *:before,\n.ffb-id-1dnt7r7m .ffb-h2-2 *:after{ \ncolor: #a31b7f !important;\n}\n.ffb-id-1dnt7r7m .ffb-h2-2{ \nfont-family: custom-font-family-1, Arial, sans-serif !important;\ntext-transform: uppercase !important;\n}\n.ffb-id-1dnt7r7m .ffb-h2-2:before,\n.ffb-id-1dnt7r7m .ffb-h2-2:after,\n.ffb-id-1dnt7r7m .ffb-h2-2:hover,\n.ffb-id-1dnt7r7m .ffb-h2-2:focus,\n.ffb-id-1dnt7r7m .ffb-h2-2 *,\n.ffb-id-1dnt7r7m .ffb-h2-2 *:before,\n.ffb-id-1dnt7r7m .ffb-h2-2 *:after,\n.ffb-id-1dnt7r7m .ffb-h2-2 *:hover,\n.ffb-id-1dnt7r7m .ffb-h2-2 *:focus{ \nfont-family: custom-font-family-1, Arial, sans-serif !important;\ntext-transform: uppercase !important;\n}\n.ffb-id-1dnt7r7m .ffb-h2-2{ \nfont-size: 24px !important;\nfont-weight: 600 !important;\n}\n.ffb-id-1dnt7r7m .ffb-h2-2 ,\n.ffb-id-1dnt7r7m .ffb-h2-2:before,\n.ffb-id-1dnt7r7m .ffb-h2-2:after,\n.ffb-id-1dnt7r7m .ffb-h2-2:hover,\n.ffb-id-1dnt7r7m .ffb-h2-2:focus,\n.ffb-id-1dnt7r7m .ffb-h2-2 *,\n.ffb-id-1dnt7r7m .ffb-h2-2 *:before,\n.ffb-id-1dnt7r7m .ffb-h2-2 *:after,\n.ffb-id-1dnt7r7m .ffb-h2-2 *:hover,\n.ffb-id-1dnt7r7m .ffb-h2-2 *:focus{ \nfont-size: 24px !important;\nfont-weight: 600 !important;\n}\n.ffb-id-1dnt9hc5{ margin-top: -40px;padding-bottom: 80px;}.ffb-id-1dntef1v{ padding-top: 10px;}.ffb-id-1dntd3k0{ padding-top: 10px;}<\/style><script type=\"text\/javascript\"><\/script><style>.ffb-id-1dnt9hc5{ \nmargin-top: -40px;\npadding-bottom: 80px;\n\n}\n.ffb-id-1dntef1v{ \npadding-top: 10px;\n\n}\n.ffb-id-1dntd3k0{ \npadding-top: 10px;\n\n}\n<\/style><script type=\"text\/javascript\"><\/script><\/p>\n","protected":false},"excerpt":{"rendered":"","protected":false},"author":1,"featured_media":0,"parent":0,"menu_order":0,"comment_status":"closed","ping_status":"closed","template":"","meta":{"footnotes":""},"class_list":["post-180","page","type-page","status-publish","hentry","post-wrapper"],"_links":{"self":[{"href":"https:\/\/pimpyourhome.ch\/try\/wp-json\/wp\/v2\/pages\/180","targetHints":{"allow":["GET"]}}],"collection":[{"href":"https:\/\/pimpyourhome.ch\/try\/wp-json\/wp\/v2\/pages"}],"about":[{"href":"https:\/\/pimpyourhome.ch\/try\/wp-json\/wp\/v2\/types\/page"}],"author":[{"embeddable":true,"href":"https:\/\/pimpyourhome.ch\/try\/wp-json\/wp\/v2\/users\/1"}],"replies":[{"embeddable":true,"href":"https:\/\/pimpyourhome.ch\/try\/wp-json\/wp\/v2\/comments?post=180"}],"version-history":[{"count":11,"href":"https:\/\/pimpyourhome.ch\/try\/wp-json\/wp\/v2\/pages\/180\/revisions"}],"predecessor-version":[{"id":1259,"href":"https:\/\/pimpyourhome.ch\/try\/wp-json\/wp\/v2\/pages\/180\/revisions\/1259"}],"wp:attachment":[{"href":"https:\/\/pimpyourhome.ch\/try\/wp-json\/wp\/v2\/media?parent=180"}],"curies":[{"name":"wp","href":"https:\/\/api.w.org\/{rel}","templated":true}]}}