{"id":83,"date":"2017-07-27T06:03:53","date_gmt":"2017-07-27T06:03:53","guid":{"rendered":"http:\/\/pimpyourhome.ch\/try\/?page_id=83"},"modified":"2024-03-26T09:05:52","modified_gmt":"2024-03-26T08:05:52","slug":"angebot","status":"publish","type":"page","link":"https:\/\/pimpyourhome.ch\/try\/angebot\/","title":{"rendered":"Angebot"},"content":{"rendered":"<section class=\"ffb-id-ht3us3f fg-section fg-el-has-bg fg-text-dark\"><span class=\"fg-bg\"><span data-fg-bg=\"{&quot;type&quot;:&quot;color&quot;,&quot;opacity&quot;:1,&quot;color&quot;:&quot;#ffffff&quot;}\" class=\"fg-bg-layer fg-bg-type-color \" style=\"opacity: 1; background-color: #ffffff;\"><\/span><\/span><div class=\"fg-container container fg-container-large fg-container-lvl--1 \"><div class=\"fg-row row    \" ><div class=\"ffb-id-151stt2r fg-col col-xs-12 col-md-12 fg-text-dark\"><img decoding=\"async\" class=\"ffb-id-151sv4lv fg-image   fg-text-dark\" src=\"http:\/\/pimpyourhome.ch\/try\/wp-content\/uploads\/2017\/07\/icon-try_2.jpg\" alt=\"Icon Angebot\"><h2 class=\"ffb-id-151suksa fg-heading text-center    fg-text-dark\">Angebot<\/h2><h3 class=\"ffb-id-151ta2la fg-heading text-center    fg-text-dark\">Tipps und Inspirationen<\/h3><\/div><div class=\"ffb-id-151uc4j7 fg-col col-xs-12 col-md-12 fg-text-dark\"><div class=\"ffb-id-151uc9ru fg-row row    fg-row-match-cols fg-text-dark\" data-fg-match-cols=\"{&quot;1&quot;:&quot;1&quot;,&quot;2&quot;:&quot;1&quot;,&quot;3&quot;:&quot;1&quot;,&quot;4&quot;:&quot;1&quot;}\"><div class=\"ffb-id-ht3us3g fg-col col-xs-12 col-md-4 fg-text-dark\"><div class=\"fg-match-column-inside-wrapper\"><\/div><\/div><div class=\"ffb-id-ht3us3h fg-col col-xs-12 col-md-8 fg-text-dark\"><div class=\"fg-vcenter-wrapper\"><div class=\"fg-vcenter\"><div class=\"fg-match-column-inside-wrapper\"><h4 class=\"ffb-id-1e2ih1rh fg-heading text-left    fg-text-dark\">Sie wollen mehr als \u201enur\u201c wohnen? Dann sind Sie bei Pimp your Home genau richtig! <\/h4><section class=\"ffb-id-151tljgn heading-v1 text-left    fg-text-dark\"><p class=\"heading-v1-text-content  fg-text-dark ffb-paragraph-1\"><\/p>\n<p>Jede Menge Tipps und Inspirationen f\u00fcr Ihre Inneneinrichtung finden Sie auf unserer Webseite. Ob f\u00fcr das eigene Zuhause, Ihre Gesch\u00e4ftsr\u00e4ume oder \u00f6ffentliche Einrichtungen\/Institutionen, wir unterst\u00fctzen Sie professionell bei der Einrichtungsplanung und dekorativen Gestaltung. Orientiert an Ihren W\u00fcnschen und Bed\u00fcrfnissen geben wir Ihren R\u00e4umen das gewisse Etwas.<\/p>\n<p><\/p><\/section><h4 class=\"ffb-id-1h3kqm4g fg-heading text-left    fg-text-dark\">Wir arbeiten markenunabh\u00e4ngig<\/h4><section class=\"ffb-id-156lbobc heading-v1 text-left    fg-text-dark\"><p class=\"heading-v1-text-content  fg-text-dark ffb-paragraph-1\"><\/p>\n<p>M\u00f6belh\u00e4user, Marken, Dienstleister und Handwerker w\u00e4hlen wir individuell passend zu Ihrem Auftrag und Budget.<\/p>\n<p><em>Richelma D&eacute;fago<\/em><\/p>\n<p><\/p><\/section><\/div><\/div><\/div><\/div><\/div><\/div><div class=\"ffb-id-1e2s6rvj fg-col col-xs-12 col-md-12 fg-text-dark\"><div class=\"ffb-id-1e2s766o buttons-el-wrapper text-center    fg-text-dark\"><a href=\"\/try\/kontakt\/\" class=\"ffb-block-button-1-0 ffb-btn ffb-btn-v1 ffb-btn-link  btn-base-brd-slide btn-slide  btn-base-md    btn-w-auto fg-text-dark ffb-button1-1\"><span class=\"btn-text\">Jetzt Angebot anfordern<\/span><\/a><\/div><\/div><\/div><\/div><\/section><style>.ffb-id-ht3us3f{ padding-top: 10px;padding-bottom: 80px;}.ffb-id-1e2s6rvj{ padding-top: 30px;padding-bottom: 30px;}.ffb-id-1e2s766o .ffb-button1-1.ffb-block-button-1-0.btn-base-brd-slide{ color:#ffffff;}.ffb-id-1e2s766o .ffb-button1-1.ffb-block-button-1-0.btn-base-brd-slide:hover{ color:#ffffff;}.ffb-id-1e2s766o .ffb-button1-1.ffb-block-button-1-0.btn-base-brd-slide{ border-color: transparent;}.ffb-id-1e2s766o .ffb-button1-1.ffb-block-button-1-0.btn-base-brd-slide:hover{ border-color: transparent;}.ffb-id-1e2s766o .ffb-button1-1.ffb-block-button-1-0.btn-base-brd-slide{ background-color:#a31b7f;}.ffb-id-1e2s766o .ffb-button1-1.ffb-block-button-1-0.btn-base-brd-slide:hover{ background-color:rgba(196, 0, 106, 0.6);}.ffb-id-1e2s766o{ text-transform: uppercase !important;}.ffb-id-1e2s766o:before,.ffb-id-1e2s766o:after,.ffb-id-1e2s766o:hover,.ffb-id-1e2s766o:focus,.ffb-id-1e2s766o *,.ffb-id-1e2s766o *:before,.ffb-id-1e2s766o *:after,.ffb-id-1e2s766o *:hover,.ffb-id-1e2s766o *:focus{ text-transform: uppercase !important;}.ffb-id-151uc4j7{ padding-top: 30px;}.ffb-id-151uc4j7 .ffb-id-ht3us3h{ font-family: custom-font-family-1, Arial, sans-serif !important;}.ffb-id-151uc4j7 .ffb-id-ht3us3h:before,.ffb-id-151uc4j7 .ffb-id-ht3us3h:after,.ffb-id-151uc4j7 .ffb-id-ht3us3h:hover,.ffb-id-151uc4j7 .ffb-id-ht3us3h:focus,.ffb-id-151uc4j7 .ffb-id-ht3us3h *,.ffb-id-151uc4j7 .ffb-id-ht3us3h *:before,.ffb-id-151uc4j7 .ffb-id-ht3us3h *:after,.ffb-id-151uc4j7 .ffb-id-ht3us3h *:hover,.ffb-id-151uc4j7 .ffb-id-ht3us3h *:focus{ font-family: custom-font-family-1, Arial, sans-serif !important;}.ffb-id-156lbobc .ffb-paragraph-1{ font-weight: 400 !important;}.ffb-id-156lbobc .ffb-paragraph-1 ,.ffb-id-156lbobc .ffb-paragraph-1:before,.ffb-id-156lbobc .ffb-paragraph-1:after,.ffb-id-156lbobc .ffb-paragraph-1:hover,.ffb-id-156lbobc .ffb-paragraph-1:focus,.ffb-id-156lbobc .ffb-paragraph-1 *,.ffb-id-156lbobc .ffb-paragraph-1 *:before,.ffb-id-156lbobc .ffb-paragraph-1 *:after,.ffb-id-156lbobc .ffb-paragraph-1 *:hover,.ffb-id-156lbobc .ffb-paragraph-1 *:focus{ font-weight: 400 !important;}.ffb-id-156lbobc{ margin-bottom: 20px;}.ffb-id-1h3kqm4g{ font-family: custom-font-family-1, Arial, sans-serif !important;}.ffb-id-1h3kqm4g:before,.ffb-id-1h3kqm4g:after,.ffb-id-1h3kqm4g:hover,.ffb-id-1h3kqm4g:focus,.ffb-id-1h3kqm4g *,.ffb-id-1h3kqm4g *:before,.ffb-id-1h3kqm4g *:after,.ffb-id-1h3kqm4g *:hover,.ffb-id-1h3kqm4g *:focus{ font-family: custom-font-family-1, Arial, sans-serif !important;}.ffb-id-1h3kqm4g{ font-weight: 600 !important;}.ffb-id-1h3kqm4g ,.ffb-id-1h3kqm4g:before,.ffb-id-1h3kqm4g:after,.ffb-id-1h3kqm4g:hover,.ffb-id-1h3kqm4g:focus,.ffb-id-1h3kqm4g *,.ffb-id-1h3kqm4g *:before,.ffb-id-1h3kqm4g *:after,.ffb-id-1h3kqm4g *:hover,.ffb-id-1h3kqm4g *:focus{ font-weight: 600 !important;}.ffb-id-151tljgn .ffb-paragraph-1{ font-weight: 400 !important;}.ffb-id-151tljgn .ffb-paragraph-1 ,.ffb-id-151tljgn .ffb-paragraph-1:before,.ffb-id-151tljgn .ffb-paragraph-1:after,.ffb-id-151tljgn .ffb-paragraph-1:hover,.ffb-id-151tljgn .ffb-paragraph-1:focus,.ffb-id-151tljgn .ffb-paragraph-1 *,.ffb-id-151tljgn .ffb-paragraph-1 *:before,.ffb-id-151tljgn .ffb-paragraph-1 *:after,.ffb-id-151tljgn .ffb-paragraph-1 *:hover,.ffb-id-151tljgn .ffb-paragraph-1 *:focus{ font-weight: 400 !important;}.ffb-id-151tljgn{ margin-bottom: 20px;}.ffb-id-1e2ih1rh{ font-family: custom-font-family-1, Arial, sans-serif !important;}.ffb-id-1e2ih1rh:before,.ffb-id-1e2ih1rh:after,.ffb-id-1e2ih1rh:hover,.ffb-id-1e2ih1rh:focus,.ffb-id-1e2ih1rh *,.ffb-id-1e2ih1rh *:before,.ffb-id-1e2ih1rh *:after,.ffb-id-1e2ih1rh *:hover,.ffb-id-1e2ih1rh *:focus{ font-family: custom-font-family-1, Arial, sans-serif !important;}.ffb-id-1e2ih1rh{ font-weight: 600 !important;}.ffb-id-1e2ih1rh ,.ffb-id-1e2ih1rh:before,.ffb-id-1e2ih1rh:after,.ffb-id-1e2ih1rh:hover,.ffb-id-1e2ih1rh:focus,.ffb-id-1e2ih1rh *,.ffb-id-1e2ih1rh *:before,.ffb-id-1e2ih1rh *:after,.ffb-id-1e2ih1rh *:hover,.ffb-id-1e2ih1rh *:focus{ font-weight: 600 !important;}.ffb-id-151uc4j7 .ffb-id-ht3us3g{ text-align: center !important;}.ffb-id-151uc4j7 .ffb-id-ht3us3g ,.ffb-id-151uc4j7 .ffb-id-ht3us3g:before,.ffb-id-151uc4j7 .ffb-id-ht3us3g:after,.ffb-id-151uc4j7 .ffb-id-ht3us3g:hover,.ffb-id-151uc4j7 .ffb-id-ht3us3g:focus,.ffb-id-151uc4j7 .ffb-id-ht3us3g *,.ffb-id-151uc4j7 .ffb-id-ht3us3g *:before,.ffb-id-151uc4j7 .ffb-id-ht3us3g *:after,.ffb-id-151uc4j7 .ffb-id-ht3us3g *:hover,.ffb-id-151uc4j7 .ffb-id-ht3us3g *:focus{ text-align: center !important;}.ffb-id-151stt2r{ text-align: center !important;}.ffb-id-151stt2r ,.ffb-id-151stt2r:before,.ffb-id-151stt2r:after,.ffb-id-151stt2r:hover,.ffb-id-151stt2r:focus,.ffb-id-151stt2r *,.ffb-id-151stt2r *:before,.ffb-id-151stt2r *:after,.ffb-id-151stt2r *:hover,.ffb-id-151stt2r *:focus{ text-align: center !important;}.ffb-id-151ta2la ,.ffb-id-151ta2la:before,.ffb-id-151ta2la:after,.ffb-id-151ta2la *,.ffb-id-151ta2la *:before,.ffb-id-151ta2la *:after{ color: #a31b7f !important;}.ffb-id-151ta2la{ font-family: custom-font-family-1, Arial, sans-serif !important;text-transform: uppercase !important;}.ffb-id-151ta2la:before,.ffb-id-151ta2la:after,.ffb-id-151ta2la:hover,.ffb-id-151ta2la:focus,.ffb-id-151ta2la *,.ffb-id-151ta2la *:before,.ffb-id-151ta2la *:after,.ffb-id-151ta2la *:hover,.ffb-id-151ta2la *:focus{ font-family: custom-font-family-1, Arial, sans-serif !important;text-transform: uppercase !important;}.ffb-id-151ta2la{ font-size: 24px !important;font-weight: 600 !important;}.ffb-id-151ta2la ,.ffb-id-151ta2la:before,.ffb-id-151ta2la:after,.ffb-id-151ta2la:hover,.ffb-id-151ta2la:focus,.ffb-id-151ta2la *,.ffb-id-151ta2la *:before,.ffb-id-151ta2la *:after,.ffb-id-151ta2la *:hover,.ffb-id-151ta2la *:focus{ font-size: 24px !important;font-weight: 600 !important;}.ffb-id-151suksa{ margin-bottom: 0px;}.ffb-id-151suksa{ font-family: 'Great Vibes', Arial, sans-serif !important;}.ffb-id-151suksa:before,.ffb-id-151suksa:after,.ffb-id-151suksa:hover,.ffb-id-151suksa:focus,.ffb-id-151suksa *,.ffb-id-151suksa *:before,.ffb-id-151suksa *:after,.ffb-id-151suksa *:hover,.ffb-id-151suksa *:focus{ font-family: 'Great Vibes', Arial, sans-serif !important;}.ffb-id-151suksa{ font-size: 48px !important;}.ffb-id-151suksa ,.ffb-id-151suksa:before,.ffb-id-151suksa:after,.ffb-id-151suksa:hover,.ffb-id-151suksa:focus,.ffb-id-151suksa *,.ffb-id-151suksa *:before,.ffb-id-151suksa *:after,.ffb-id-151suksa *:hover,.ffb-id-151suksa *:focus{ font-size: 48px !important;}<\/style><script type=\"text\/javascript\"><\/script>\n","protected":false},"excerpt":{"rendered":"","protected":false},"author":1,"featured_media":0,"parent":0,"menu_order":0,"comment_status":"closed","ping_status":"closed","template":"","meta":{"footnotes":""},"class_list":["post-83","page","type-page","status-publish","hentry","post-wrapper"],"_links":{"self":[{"href":"https:\/\/pimpyourhome.ch\/try\/wp-json\/wp\/v2\/pages\/83","targetHints":{"allow":["GET"]}}],"collection":[{"href":"https:\/\/pimpyourhome.ch\/try\/wp-json\/wp\/v2\/pages"}],"about":[{"href":"https:\/\/pimpyourhome.ch\/try\/wp-json\/wp\/v2\/types\/page"}],"author":[{"embeddable":true,"href":"https:\/\/pimpyourhome.ch\/try\/wp-json\/wp\/v2\/users\/1"}],"replies":[{"embeddable":true,"href":"https:\/\/pimpyourhome.ch\/try\/wp-json\/wp\/v2\/comments?post=83"}],"version-history":[{"count":10,"href":"https:\/\/pimpyourhome.ch\/try\/wp-json\/wp\/v2\/pages\/83\/revisions"}],"predecessor-version":[{"id":1304,"href":"https:\/\/pimpyourhome.ch\/try\/wp-json\/wp\/v2\/pages\/83\/revisions\/1304"}],"wp:attachment":[{"href":"https:\/\/pimpyourhome.ch\/try\/wp-json\/wp\/v2\/media?parent=83"}],"curies":[{"name":"wp","href":"https:\/\/api.w.org\/{rel}","templated":true}]}}